{"id":558,"date":"2025-06-17T07:48:32","date_gmt":"2025-06-17T07:48:32","guid":{"rendered":"https:\/\/incarta.it\/?page_id=558"},"modified":"2025-06-17T07:49:07","modified_gmt":"2025-06-17T07:49:07","slug":"558-2","status":"publish","type":"page","link":"https:\/\/incarta.it\/index.php\/558-2\/","title":{"rendered":"Cancelleria per Ufficio"},"content":{"rendered":"\n<div class=\"wp-block-group alignfull has-global-padding is-layout-constrained wp-block-group-is-layout-constrained\" style=\"margin-top:0;margin-bottom:0\">\n<p class=\"has-text-align-center has-background has-xx-large-font-size\" style=\"border-width:3px;background-color:#d5d5d5;padding-top:var(--wp--preset--spacing--30);padding-bottom:var(--wp--preset--spacing--30)\"><strong>Cancelleria Per Ufficio<\/strong><\/p>\n<\/div>\n\n\n\n<div style=\"height:46px\" aria-hidden=\"true\" class=\"wp-block-spacer\"><\/div>\n\n\n\n<div class=\"wp-block-media-text alignwide is-stacked-on-mobile\" style=\"grid-template-columns:38% auto\"><figure class=\"wp-block-media-text__media\"><img loading=\"lazy\" decoding=\"async\" width=\"346\" height=\"257\" src=\"https:\/\/incarta.it\/wp-content\/uploads\/2025\/06\/prodotti-ufficio-nuova-apertura.jpg1-removebg-preview.png\" alt=\"\" class=\"wp-image-561 size-full\" srcset=\"https:\/\/incarta.it\/wp-content\/uploads\/2025\/06\/prodotti-ufficio-nuova-apertura.jpg1-removebg-preview.png 346w, https:\/\/incarta.it\/wp-content\/uploads\/2025\/06\/prodotti-ufficio-nuova-apertura.jpg1-removebg-preview-300x223.png 300w\" sizes=\"auto, (max-width: 346px) 100vw, 346px\" \/><\/figure><div class=\"wp-block-media-text__content\">\n<p class=\"has-roboto-font-family has-large-font-size\">Tutto <strong>l\u2019essenziale <\/strong>per lavorare <strong>meglio<\/strong>. Dalla <strong>carta <\/strong>ai <strong>raccoglitori<\/strong>, dalle <strong>penne <\/strong>agli <strong>accessori <\/strong>da scrivania, la nostra <strong>cancelleria<\/strong> per <strong>ufficio <\/strong>unisce <strong>funzionalit\u00e0 <\/strong>e <strong>qualit\u00e0<\/strong>. Perfetta per <strong>organizzare<\/strong> gli <strong>spazi<\/strong>, <strong>semplificare <\/strong>le <strong>attivit\u00e0 <\/strong>quotidiane e <strong>mantenere <\/strong>la <strong>produttivit\u00e0 <\/strong>sempre al <strong>top<\/strong>.<\/p>\n<\/div><\/div>\n\n\n\n<div style=\"height:52px\" aria-hidden=\"true\" class=\"wp-block-spacer\"><\/div>\n","protected":false},"excerpt":{"rendered":"<p>Cancelleria Per Ufficio Tutto l\u2019essenziale per lavorare meglio. Dalla carta ai raccoglitori, dalle penne agli accessori da scrivania, la nostra cancelleria per ufficio unisce funzionalit\u00e0 e qualit\u00e0. Perfetta per organizzare gli spazi, semplificare le attivit\u00e0 quotidiane e mantenere la produttivit\u00e0 sempre al top.<\/p>\n","protected":false},"author":1,"featured_media":0,"parent":0,"menu_order":0,"comment_status":"closed","ping_status":"closed","template":"","meta":{"footnotes":""},"class_list":["post-558","page","type-page","status-publish","hentry"],"_links":{"self":[{"href":"https:\/\/incarta.it\/index.php\/wp-json\/wp\/v2\/pages\/558","targetHints":{"allow":["GET"]}}],"collection":[{"href":"https:\/\/incarta.it\/index.php\/wp-json\/wp\/v2\/pages"}],"about":[{"href":"https:\/\/incarta.it\/index.php\/wp-json\/wp\/v2\/types\/page"}],"author":[{"embeddable":true,"href":"https:\/\/incarta.it\/index.php\/wp-json\/wp\/v2\/users\/1"}],"replies":[{"embeddable":true,"href":"https:\/\/incarta.it\/index.php\/wp-json\/wp\/v2\/comments?post=558"}],"version-history":[{"count":3,"href":"https:\/\/incarta.it\/index.php\/wp-json\/wp\/v2\/pages\/558\/revisions"}],"predecessor-version":[{"id":564,"href":"https:\/\/incarta.it\/index.php\/wp-json\/wp\/v2\/pages\/558\/revisions\/564"}],"wp:attachment":[{"href":"https:\/\/incarta.it\/index.php\/wp-json\/wp\/v2\/media?parent=558"}],"curies":[{"name":"wp","href":"https:\/\/api.w.org\/{rel}","templated":true}]}}