{"id":24,"date":"2025-06-06T08:42:16","date_gmt":"2025-06-06T08:42:16","guid":{"rendered":"https:\/\/incarta.it\/?page_id=24"},"modified":"2025-06-14T13:24:20","modified_gmt":"2025-06-14T13:24:20","slug":"computer-portatili","status":"publish","type":"page","link":"https:\/\/incarta.it\/index.php\/computer-portatili\/","title":{"rendered":"Computer Portatili"},"content":{"rendered":"\n<div class=\"wp-block-group alignfull has-global-padding is-layout-constrained wp-block-group-is-layout-constrained\" style=\"margin-top:0;margin-bottom:0\">\n<p class=\"has-text-align-center has-background has-xx-large-font-size\" style=\"border-width:3px;background-color:#d5d5d5;padding-top:var(--wp--preset--spacing--30);padding-bottom:var(--wp--preset--spacing--30)\"><strong>Computer Portatili<\/strong><\/p>\n<\/div>\n\n\n\n<div class=\"wp-block-media-text alignwide is-stacked-on-mobile\" style=\"grid-template-columns:34% auto\"><figure class=\"wp-block-media-text__media\"><img loading=\"lazy\" decoding=\"async\" width=\"500\" height=\"500\" src=\"https:\/\/incarta.it\/wp-content\/uploads\/2025\/06\/70-708b9ba372b1f9c723075a4995f3a992892d2b87-removebg-preview.png\" alt=\"\" class=\"wp-image-378 size-full\" srcset=\"https:\/\/incarta.it\/wp-content\/uploads\/2025\/06\/70-708b9ba372b1f9c723075a4995f3a992892d2b87-removebg-preview.png 500w, https:\/\/incarta.it\/wp-content\/uploads\/2025\/06\/70-708b9ba372b1f9c723075a4995f3a992892d2b87-removebg-preview-300x300.png 300w, https:\/\/incarta.it\/wp-content\/uploads\/2025\/06\/70-708b9ba372b1f9c723075a4995f3a992892d2b87-removebg-preview-150x150.png 150w\" sizes=\"auto, (max-width: 500px) 100vw, 500px\" \/><\/figure><div class=\"wp-block-media-text__content\">\n<p class=\"has-roboto-font-family has-large-font-size\">Prestazioni, <strong>mobilit\u00e0 <\/strong>e <strong>comodit\u00e0<\/strong> in un unico dispositivo: i nostri PC portatili sono ideali per chi cerca <strong>potenza<\/strong> e <strong>flessibilit\u00e0<\/strong>, <strong>ovunque<\/strong> si trovi. Perfetti per lo studio, il lavoro, l&#8217;intrattenimento o il gaming, abbiamo il notebook giusto per <strong>ogni esigenza<\/strong>.<\/p>\n<\/div><\/div>\n\n\n\n<div class=\"wp-block-group alignfull has-global-padding is-layout-constrained wp-container-core-group-is-layout-54af5b55 wp-block-group-is-layout-constrained\" style=\"margin-top:0;margin-bottom:0;padding-top:var(--wp--preset--spacing--60);padding-bottom:var(--wp--preset--spacing--60)\">\n<h2 class=\"wp-block-heading alignwide has-text-align-center has-roboto-font-family has-x-large-font-size\">Sceglie quello che fa per te<\/h2>\n\n\n\n<div class=\"wp-block-buttons alignfull has-custom-font-size has-roboto-font-family has-large-font-size is-content-justification-center is-layout-flex wp-container-core-buttons-is-layout-c124d1c4 wp-block-buttons-is-layout-flex\">\n<div class=\"wp-block-button\"><a class=\"wp-block-button__link has-contrast-color has-text-color has-background has-link-color has-roboto-font-family wp-element-button\" href=\"https:\/\/incarta.it\/index.php\/179-2\/\" style=\"background-color:#0000005c\"><strong>Lavoro e Ufficio<\/strong><\/a><\/div>\n\n\n\n<div class=\"wp-block-button\"><a class=\"wp-block-button__link has-contrast-color has-text-color has-background has-link-color has-roboto-font-family wp-element-button\" href=\"https:\/\/incarta.it\/index.php\/424-2\/\" style=\"background-color:#0000005c\"><strong>Gaming<\/strong><\/a><\/div>\n\n\n\n<div class=\"wp-block-button\"><a class=\"wp-block-button__link has-contrast-color has-text-color has-background has-link-color has-roboto-font-family wp-element-button\" href=\"https:\/\/incarta.it\/index.php\/429-2\/\" style=\"background-color:#0000005c\"><strong>Uso Domestico<\/strong><\/a><\/div>\n\n\n\n<div class=\"wp-block-button\"><a class=\"wp-block-button__link has-contrast-color has-text-color has-background has-link-color has-roboto-font-family wp-element-button\" href=\"https:\/\/incarta.it\/index.php\/434-2\/\" style=\"background-color:#0000005c\"><strong>Professionisti e creativi<\/strong><\/a><\/div>\n<\/div>\n<\/div>\n","protected":false},"excerpt":{"rendered":"<p>Computer Portatili Prestazioni, mobilit\u00e0 e comodit\u00e0 in un unico dispositivo: i nostri PC portatili sono ideali per chi cerca potenza e flessibilit\u00e0, ovunque si trovi. Perfetti per lo studio, il lavoro, l&#8217;intrattenimento o il gaming, abbiamo il notebook giusto per ogni esigenza. Sceglie quello che fa per te<\/p>\n","protected":false},"author":1,"featured_media":0,"parent":0,"menu_order":0,"comment_status":"closed","ping_status":"closed","template":"","meta":{"footnotes":""},"class_list":["post-24","page","type-page","status-publish","hentry"],"_links":{"self":[{"href":"https:\/\/incarta.it\/index.php\/wp-json\/wp\/v2\/pages\/24","targetHints":{"allow":["GET"]}}],"collection":[{"href":"https:\/\/incarta.it\/index.php\/wp-json\/wp\/v2\/pages"}],"about":[{"href":"https:\/\/incarta.it\/index.php\/wp-json\/wp\/v2\/types\/page"}],"author":[{"embeddable":true,"href":"https:\/\/incarta.it\/index.php\/wp-json\/wp\/v2\/users\/1"}],"replies":[{"embeddable":true,"href":"https:\/\/incarta.it\/index.php\/wp-json\/wp\/v2\/comments?post=24"}],"version-history":[{"count":13,"href":"https:\/\/incarta.it\/index.php\/wp-json\/wp\/v2\/pages\/24\/revisions"}],"predecessor-version":[{"id":448,"href":"https:\/\/incarta.it\/index.php\/wp-json\/wp\/v2\/pages\/24\/revisions\/448"}],"wp:attachment":[{"href":"https:\/\/incarta.it\/index.php\/wp-json\/wp\/v2\/media?parent=24"}],"curies":[{"name":"wp","href":"https:\/\/api.w.org\/{rel}","templated":true}]}}